{"id":97,"date":"2023-02-27T11:52:47","date_gmt":"2023-02-27T10:52:47","guid":{"rendered":"http:\/\/gymbyka.com\/?page_id=97"},"modified":"2024-07-30T15:39:30","modified_gmt":"2024-07-30T13:39:30","slug":"tarifs","status":"publish","type":"page","link":"https:\/\/gymbyka.com\/index.php\/tarifs\/","title":{"rendered":"Tarifs"},"content":{"rendered":"\n<h2 class=\"wp-block-heading\"><\/h2>\n\n\n\n<div class=\"wp-block-columns alignwide is-layout-flex wp-container-core-columns-is-layout-829b1d53 wp-block-columns-is-layout-flex\" style=\"margin-bottom:0\">\n<div class=\"wp-block-column has-blush-light-purple-gradient-background has-text-color has-background has-link-color wp-elements-effc56d60806849d2322ba8d4c3072e3 is-layout-flow wp-block-column-is-layout-flow\" style=\"color:#000000;padding-top:2em;padding-right:2em;padding-bottom:2em;padding-left:2em\">\n<h2 class=\"wp-block-heading\" id=\"family\" style=\"font-size:40px;font-style:normal;font-weight:700\">S\u00e9ance de d\u00e9couverte<\/h2>\n\n\n\n<hr class=\"wp-block-separator has-css-opacity is-style-wide\"\/>\n\n\n\n<div class=\"wp-block-buttons alignfull is-horizontal is-content-justification-center is-layout-flex wp-container-core-buttons-is-layout-499968f5 wp-block-buttons-is-layout-flex\">\n<div class=\"wp-block-button has-custom-width wp-block-button__width-100 is-style-fill\"><a class=\"wp-block-button__link has-white-color has-text-color has-background no-border-radius wp-element-button\" style=\"background-color:#000000\">10\u20ac<\/a><\/div>\n<\/div>\n<\/div>\n\n\n\n<div class=\"wp-block-column has-luminous-vivid-amber-to-luminous-vivid-orange-gradient-background has-text-color has-background has-link-color wp-elements-dab18688fa9a9a54250b0d634d0c6690 is-layout-flow wp-block-column-is-layout-flow\" style=\"color:#000000;padding-top:2em;padding-right:2em;padding-bottom:2em;padding-left:2em\">\n<h2 class=\"wp-block-heading\" id=\"single\" style=\"font-size:40px\"><strong>Module de 10 s\u00e9ances<\/strong><\/h2>\n\n\n\n<p class=\"has-normal-font-size\" style=\"line-height:1.5\">Valable 12 mois<\/p>\n\n\n\n<div class=\"wp-block-buttons alignfull is-horizontal is-content-justification-center is-layout-flex wp-container-core-buttons-is-layout-499968f5 wp-block-buttons-is-layout-flex\">\n<div class=\"wp-block-button has-custom-width wp-block-button__width-100\"><a class=\"wp-block-button__link has-white-color has-text-color has-background no-border-radius wp-element-button\" style=\"background-color:#000000\">150\u20ac<\/a><\/div>\n<\/div>\n<\/div>\n\n\n\n<div class=\"wp-block-column has-pale-ocean-gradient-background has-text-color has-background has-link-color wp-elements-948633b0fc2e4b70d3d156f6d4887496 is-layout-flow wp-block-column-is-layout-flow\" style=\"color:#000000;padding-top:2em;padding-right:2em;padding-bottom:2em;padding-left:2em\">\n<h2 class=\"wp-block-heading\" id=\"patron\" style=\"font-size:40px\"><strong>S\u00e9ance \u00e0 l&rsquo;unit\u00e9<\/strong><\/h2>\n\n\n\n<div class=\"wp-block-buttons alignfull is-horizontal is-content-justification-center is-layout-flex wp-container-core-buttons-is-layout-499968f5 wp-block-buttons-is-layout-flex\">\n<div class=\"wp-block-button has-custom-width wp-block-button__width-100\"><a class=\"wp-block-button__link has-white-color has-text-color has-background no-border-radius wp-element-button\" style=\"background-color:#000000\">20\u20ac<\/a><\/div>\n<\/div>\n<\/div>\n\n\n\n<div class=\"wp-block-column has-electric-grass-gradient-background has-text-color has-background has-link-color wp-elements-4da651df31e809ce4650242e9eabc2af is-layout-flow wp-block-column-is-layout-flow\" style=\"color:#000000;padding-top:2em;padding-right:2em;padding-bottom:2em;padding-left:2em\">\n<h2 class=\"wp-block-heading\" id=\"patron\" style=\"font-size:40px\"><strong>S\u00e9ance individuelle<\/strong><\/h2>\n\n\n\n<div class=\"wp-block-buttons alignfull is-horizontal is-content-justification-center is-layout-flex wp-container-core-buttons-is-layout-499968f5 wp-block-buttons-is-layout-flex\">\n<div class=\"wp-block-button has-custom-width wp-block-button__width-100\"><a class=\"wp-block-button__link has-white-color has-text-color has-background no-border-radius wp-element-button\" style=\"background-color:#000000\">45\u20ac<\/a><\/div>\n<\/div>\n<\/div>\n<\/div>\n\n\n\n<p><\/p>\n\n\n<div class=\"wp-block-image\">\n<figure class=\"aligncenter size-large\"><img decoding=\"async\" src=\"https:\/\/gymbyka.com\/wp-content\/uploads\/2024\/07\/www.gymby1_-724x1024.jpg\" alt=\"\" class=\"wp-image-567\"\/><\/figure>\n<\/div>","protected":false},"excerpt":{"rendered":"<p>S\u00e9ance de d\u00e9couverte Module de 10 s\u00e9ances Valable 12 mois S\u00e9ance \u00e0 l&rsquo;unit\u00e9 S\u00e9ance individuelle<\/p>\n","protected":false},"author":1,"featured_media":0,"parent":0,"menu_order":0,"comment_status":"closed","ping_status":"closed","template":"","meta":{"footnotes":""},"class_list":["post-97","page","type-page","status-publish","hentry"],"yoast_head":"<!-- This site is optimized with the Yoast SEO plugin v27.4 - https:\/\/yoast.com\/product\/yoast-seo-wordpress\/ -->\n<title>Tarifs - Gym by Ka<\/title>\n<meta name=\"robots\" content=\"index, follow, max-snippet:-1, max-image-preview:large, max-video-preview:-1\" \/>\n<link rel=\"canonical\" href=\"https:\/\/gymbyka.com\/index.php\/tarifs\/\" \/>\n<meta property=\"og:locale\" content=\"fr_FR\" \/>\n<meta property=\"og:type\" content=\"article\" \/>\n<meta property=\"og:title\" content=\"Tarifs - Gym by Ka\" \/>\n<meta property=\"og:description\" content=\"S\u00e9ance de d\u00e9couverte Module de 10 s\u00e9ances Valable 12 mois S\u00e9ance \u00e0 l&rsquo;unit\u00e9 S\u00e9ance individuelle\" \/>\n<meta property=\"og:url\" content=\"https:\/\/gymbyka.com\/index.php\/tarifs\/\" \/>\n<meta property=\"og:site_name\" content=\"Gym by Ka\" \/>\n<meta property=\"article:publisher\" content=\"https:\/\/www.facebook.com\/SportAuFeminin29\" \/>\n<meta property=\"article:modified_time\" content=\"2024-07-30T13:39:30+00:00\" \/>\n<meta property=\"og:image\" content=\"http:\/\/gymbyka.com\/wp-content\/uploads\/2024\/07\/www.gymby1_-724x1024.jpg\" \/>\n<meta name=\"twitter:card\" content=\"summary_large_image\" \/>\n<meta name=\"twitter:label1\" content=\"Dur\u00e9e de lecture estim\u00e9e\" \/>\n\t<meta name=\"twitter:data1\" content=\"1 minute\" \/>\n<script type=\"application\/ld+json\" class=\"yoast-schema-graph\">{\"@context\":\"https:\\\/\\\/schema.org\",\"@graph\":[{\"@type\":\"WebPage\",\"@id\":\"https:\\\/\\\/gymbyka.com\\\/index.php\\\/tarifs\\\/\",\"url\":\"https:\\\/\\\/gymbyka.com\\\/index.php\\\/tarifs\\\/\",\"name\":\"Tarifs - Gym by Ka\",\"isPartOf\":{\"@id\":\"https:\\\/\\\/gymbyka.com\\\/#website\"},\"primaryImageOfPage\":{\"@id\":\"https:\\\/\\\/gymbyka.com\\\/index.php\\\/tarifs\\\/#primaryimage\"},\"image\":{\"@id\":\"https:\\\/\\\/gymbyka.com\\\/index.php\\\/tarifs\\\/#primaryimage\"},\"thumbnailUrl\":\"http:\\\/\\\/gymbyka.com\\\/wp-content\\\/uploads\\\/2024\\\/07\\\/www.gymby1_-724x1024.jpg\",\"datePublished\":\"2023-02-27T10:52:47+00:00\",\"dateModified\":\"2024-07-30T13:39:30+00:00\",\"breadcrumb\":{\"@id\":\"https:\\\/\\\/gymbyka.com\\\/index.php\\\/tarifs\\\/#breadcrumb\"},\"inLanguage\":\"fr-FR\",\"potentialAction\":[{\"@type\":\"ReadAction\",\"target\":[\"https:\\\/\\\/gymbyka.com\\\/index.php\\\/tarifs\\\/\"]}]},{\"@type\":\"ImageObject\",\"inLanguage\":\"fr-FR\",\"@id\":\"https:\\\/\\\/gymbyka.com\\\/index.php\\\/tarifs\\\/#primaryimage\",\"url\":\"\",\"contentUrl\":\"\"},{\"@type\":\"BreadcrumbList\",\"@id\":\"https:\\\/\\\/gymbyka.com\\\/index.php\\\/tarifs\\\/#breadcrumb\",\"itemListElement\":[{\"@type\":\"ListItem\",\"position\":1,\"name\":\"Accueil\",\"item\":\"https:\\\/\\\/gymbyka.com\\\/\"},{\"@type\":\"ListItem\",\"position\":2,\"name\":\"Tarifs\"}]},{\"@type\":\"WebSite\",\"@id\":\"https:\\\/\\\/gymbyka.com\\\/#website\",\"url\":\"https:\\\/\\\/gymbyka.com\\\/\",\"name\":\"Gym by Ka\",\"description\":\"Coaching sportif \u00e0 Quimper\",\"potentialAction\":[{\"@type\":\"SearchAction\",\"target\":{\"@type\":\"EntryPoint\",\"urlTemplate\":\"https:\\\/\\\/gymbyka.com\\\/?s={search_term_string}\"},\"query-input\":{\"@type\":\"PropertyValueSpecification\",\"valueRequired\":true,\"valueName\":\"search_term_string\"}}],\"inLanguage\":\"fr-FR\"}]}<\/script>\n<!-- \/ Yoast SEO plugin. -->","yoast_head_json":{"title":"Tarifs - Gym by Ka","robots":{"index":"index","follow":"follow","max-snippet":"max-snippet:-1","max-image-preview":"max-image-preview:large","max-video-preview":"max-video-preview:-1"},"canonical":"https:\/\/gymbyka.com\/index.php\/tarifs\/","og_locale":"fr_FR","og_type":"article","og_title":"Tarifs - Gym by Ka","og_description":"S\u00e9ance de d\u00e9couverte Module de 10 s\u00e9ances Valable 12 mois S\u00e9ance \u00e0 l&rsquo;unit\u00e9 S\u00e9ance individuelle","og_url":"https:\/\/gymbyka.com\/index.php\/tarifs\/","og_site_name":"Gym by Ka","article_publisher":"https:\/\/www.facebook.com\/SportAuFeminin29","article_modified_time":"2024-07-30T13:39:30+00:00","og_image":[{"url":"http:\/\/gymbyka.com\/wp-content\/uploads\/2024\/07\/www.gymby1_-724x1024.jpg","type":"","width":"","height":""}],"twitter_card":"summary_large_image","twitter_misc":{"Dur\u00e9e de lecture estim\u00e9e":"1 minute"},"schema":{"@context":"https:\/\/schema.org","@graph":[{"@type":"WebPage","@id":"https:\/\/gymbyka.com\/index.php\/tarifs\/","url":"https:\/\/gymbyka.com\/index.php\/tarifs\/","name":"Tarifs - Gym by Ka","isPartOf":{"@id":"https:\/\/gymbyka.com\/#website"},"primaryImageOfPage":{"@id":"https:\/\/gymbyka.com\/index.php\/tarifs\/#primaryimage"},"image":{"@id":"https:\/\/gymbyka.com\/index.php\/tarifs\/#primaryimage"},"thumbnailUrl":"http:\/\/gymbyka.com\/wp-content\/uploads\/2024\/07\/www.gymby1_-724x1024.jpg","datePublished":"2023-02-27T10:52:47+00:00","dateModified":"2024-07-30T13:39:30+00:00","breadcrumb":{"@id":"https:\/\/gymbyka.com\/index.php\/tarifs\/#breadcrumb"},"inLanguage":"fr-FR","potentialAction":[{"@type":"ReadAction","target":["https:\/\/gymbyka.com\/index.php\/tarifs\/"]}]},{"@type":"ImageObject","inLanguage":"fr-FR","@id":"https:\/\/gymbyka.com\/index.php\/tarifs\/#primaryimage","url":"","contentUrl":""},{"@type":"BreadcrumbList","@id":"https:\/\/gymbyka.com\/index.php\/tarifs\/#breadcrumb","itemListElement":[{"@type":"ListItem","position":1,"name":"Accueil","item":"https:\/\/gymbyka.com\/"},{"@type":"ListItem","position":2,"name":"Tarifs"}]},{"@type":"WebSite","@id":"https:\/\/gymbyka.com\/#website","url":"https:\/\/gymbyka.com\/","name":"Gym by Ka","description":"Coaching sportif \u00e0 Quimper","potentialAction":[{"@type":"SearchAction","target":{"@type":"EntryPoint","urlTemplate":"https:\/\/gymbyka.com\/?s={search_term_string}"},"query-input":{"@type":"PropertyValueSpecification","valueRequired":true,"valueName":"search_term_string"}}],"inLanguage":"fr-FR"}]}},"_links":{"self":[{"href":"https:\/\/gymbyka.com\/index.php\/wp-json\/wp\/v2\/pages\/97","targetHints":{"allow":["GET"]}}],"collection":[{"href":"https:\/\/gymbyka.com\/index.php\/wp-json\/wp\/v2\/pages"}],"about":[{"href":"https:\/\/gymbyka.com\/index.php\/wp-json\/wp\/v2\/types\/page"}],"author":[{"embeddable":true,"href":"https:\/\/gymbyka.com\/index.php\/wp-json\/wp\/v2\/users\/1"}],"replies":[{"embeddable":true,"href":"https:\/\/gymbyka.com\/index.php\/wp-json\/wp\/v2\/comments?post=97"}],"version-history":[{"count":31,"href":"https:\/\/gymbyka.com\/index.php\/wp-json\/wp\/v2\/pages\/97\/revisions"}],"predecessor-version":[{"id":569,"href":"https:\/\/gymbyka.com\/index.php\/wp-json\/wp\/v2\/pages\/97\/revisions\/569"}],"wp:attachment":[{"href":"https:\/\/gymbyka.com\/index.php\/wp-json\/wp\/v2\/media?parent=97"}],"curies":[{"name":"wp","href":"https:\/\/api.w.org\/{rel}","templated":true}]}}