{"id":316,"date":"2023-07-04T14:25:11","date_gmt":"2023-07-04T12:25:11","guid":{"rendered":"http:\/\/gymbyka.com\/?page_id=316"},"modified":"2024-07-30T12:39:11","modified_gmt":"2024-07-30T10:39:11","slug":"boutique","status":"publish","type":"page","link":"https:\/\/gymbyka.com\/index.php\/boutique\/","title":{"rendered":"On line"},"content":{"rendered":"\n<p>R\u00e9servez 1 H de Master Class par WhatsApp et recevez sur votre bo\u00eete mail un support personnalis\u00e9 pour une pratique en autonomie. Le pack contient 14 cartes : 7 avec des postures et 7 avec leurs symboliques et affirmations.<\/p>\n\n\n\n<div class=\"wp-block-buttons is-layout-flex wp-block-buttons-is-layout-flex\">\n<div class=\"wp-block-button\"><a class=\"wp-block-button__link has-midnight-gradient-background has-background wp-element-button\">Prix 55\u20ac<\/a><\/div>\n<\/div>\n\n\n\n<hr class=\"wp-block-separator has-alpha-channel-opacity\"\/>\n\n\n\n<p>Offrez un BON CADEAU pour faire du bien \u00e0 votre entourage ou \u00e0 vous-m\u00eame. R\u00e9servez d\u00e8s maintenant votre cadeau original : s\u00e9ance unique individuelle ou en duo par WhatsApp.<\/p>\n\n\n\n<p><\/p>\n\n\n\n<div class=\"wp-block-buttons is-layout-flex wp-block-buttons-is-layout-flex\">\n<div class=\"wp-block-button\"><a class=\"wp-block-button__link has-black-color has-pale-cyan-blue-background-color has-text-color has-background wp-element-button\">35\u20ac en solo<\/a><\/div>\n<\/div>\n\n\n\n<div class=\"wp-block-buttons is-layout-flex wp-block-buttons-is-layout-flex\">\n<div class=\"wp-block-button\"><a class=\"wp-block-button__link has-black-color has-vivid-cyan-blue-background-color has-text-color has-background wp-element-button\">45 \u20ac en duo<\/a><\/div>\n<\/div>\n\n\n\n<figure class=\"wp-block-image size-large\"><img decoding=\"async\" src=\"https:\/\/gymbyka.com\/wp-content\/uploads\/2024\/06\/fc65cfb5-1-1-300x251.jpg\" alt=\"\" class=\"wp-image-544\"\/><\/figure>\n\n\n\n<p>Paiement par PayLib : Karolina Chacun 0632177559<\/p>\n\n\n\n<p>Connection en Viso par WhatsApp : 0632177559<\/p>\n","protected":false},"excerpt":{"rendered":"<p>R\u00e9servez 1 H de Master Class par WhatsApp et recevez sur votre bo\u00eete mail un support personnalis\u00e9 pour une pratique en autonomie. Le pack contient 14 cartes : 7 avec des postures et 7 avec leurs symboliques et affirmations. Offrez un BON CADEAU pour faire du bien \u00e0 votre entourage ou \u00e0 vous-m\u00eame. R\u00e9servez d\u00e8s &hellip; <\/p>\n","protected":false},"author":1,"featured_media":0,"parent":0,"menu_order":0,"comment_status":"closed","ping_status":"closed","template":"","meta":{"footnotes":""},"class_list":["post-316","page","type-page","status-publish","hentry"],"yoast_head":"<!-- This site is optimized with the Yoast SEO plugin v27.4 - https:\/\/yoast.com\/product\/yoast-seo-wordpress\/ -->\n<title>On line - Gym by Ka<\/title>\n<meta name=\"robots\" content=\"index, follow, max-snippet:-1, max-image-preview:large, max-video-preview:-1\" \/>\n<link rel=\"canonical\" href=\"https:\/\/gymbyka.com\/index.php\/boutique\/\" \/>\n<meta property=\"og:locale\" content=\"fr_FR\" \/>\n<meta property=\"og:type\" content=\"article\" \/>\n<meta property=\"og:title\" content=\"On line - Gym by Ka\" \/>\n<meta property=\"og:description\" content=\"R\u00e9servez 1 H de Master Class par WhatsApp et recevez sur votre bo\u00eete mail un support personnalis\u00e9 pour une pratique en autonomie. Le pack contient 14 cartes : 7 avec des postures et 7 avec leurs symboliques et affirmations. Offrez un BON CADEAU pour faire du bien \u00e0 votre entourage ou \u00e0 vous-m\u00eame. R\u00e9servez d\u00e8s &hellip;\" \/>\n<meta property=\"og:url\" content=\"https:\/\/gymbyka.com\/index.php\/boutique\/\" \/>\n<meta property=\"og:site_name\" content=\"Gym by Ka\" \/>\n<meta property=\"article:publisher\" content=\"https:\/\/www.facebook.com\/SportAuFeminin29\" \/>\n<meta property=\"article:modified_time\" content=\"2024-07-30T10:39:11+00:00\" \/>\n<meta property=\"og:image\" content=\"https:\/\/gymbyka.com\/wp-content\/uploads\/2024\/06\/fc65cfb5-1-1-300x251.jpg\" \/>\n<meta name=\"twitter:card\" content=\"summary_large_image\" \/>\n<meta name=\"twitter:label1\" content=\"Dur\u00e9e de lecture estim\u00e9e\" \/>\n\t<meta name=\"twitter:data1\" content=\"1 minute\" \/>\n<script type=\"application\/ld+json\" class=\"yoast-schema-graph\">{\"@context\":\"https:\\\/\\\/schema.org\",\"@graph\":[{\"@type\":\"WebPage\",\"@id\":\"https:\\\/\\\/gymbyka.com\\\/index.php\\\/boutique\\\/\",\"url\":\"https:\\\/\\\/gymbyka.com\\\/index.php\\\/boutique\\\/\",\"name\":\"On line - Gym by Ka\",\"isPartOf\":{\"@id\":\"https:\\\/\\\/gymbyka.com\\\/#website\"},\"primaryImageOfPage\":{\"@id\":\"https:\\\/\\\/gymbyka.com\\\/index.php\\\/boutique\\\/#primaryimage\"},\"image\":{\"@id\":\"https:\\\/\\\/gymbyka.com\\\/index.php\\\/boutique\\\/#primaryimage\"},\"thumbnailUrl\":\"https:\\\/\\\/gymbyka.com\\\/wp-content\\\/uploads\\\/2024\\\/06\\\/fc65cfb5-1-1-300x251.jpg\",\"datePublished\":\"2023-07-04T12:25:11+00:00\",\"dateModified\":\"2024-07-30T10:39:11+00:00\",\"breadcrumb\":{\"@id\":\"https:\\\/\\\/gymbyka.com\\\/index.php\\\/boutique\\\/#breadcrumb\"},\"inLanguage\":\"fr-FR\",\"potentialAction\":[{\"@type\":\"ReadAction\",\"target\":[\"https:\\\/\\\/gymbyka.com\\\/index.php\\\/boutique\\\/\"]}]},{\"@type\":\"ImageObject\",\"inLanguage\":\"fr-FR\",\"@id\":\"https:\\\/\\\/gymbyka.com\\\/index.php\\\/boutique\\\/#primaryimage\",\"url\":\"\",\"contentUrl\":\"\"},{\"@type\":\"BreadcrumbList\",\"@id\":\"https:\\\/\\\/gymbyka.com\\\/index.php\\\/boutique\\\/#breadcrumb\",\"itemListElement\":[{\"@type\":\"ListItem\",\"position\":1,\"name\":\"Accueil\",\"item\":\"https:\\\/\\\/gymbyka.com\\\/\"},{\"@type\":\"ListItem\",\"position\":2,\"name\":\"On line\"}]},{\"@type\":\"WebSite\",\"@id\":\"https:\\\/\\\/gymbyka.com\\\/#website\",\"url\":\"https:\\\/\\\/gymbyka.com\\\/\",\"name\":\"Gym by Ka\",\"description\":\"Coaching sportif \u00e0 Quimper\",\"potentialAction\":[{\"@type\":\"SearchAction\",\"target\":{\"@type\":\"EntryPoint\",\"urlTemplate\":\"https:\\\/\\\/gymbyka.com\\\/?s={search_term_string}\"},\"query-input\":{\"@type\":\"PropertyValueSpecification\",\"valueRequired\":true,\"valueName\":\"search_term_string\"}}],\"inLanguage\":\"fr-FR\"}]}<\/script>\n<!-- \/ Yoast SEO plugin. -->","yoast_head_json":{"title":"On line - Gym by Ka","robots":{"index":"index","follow":"follow","max-snippet":"max-snippet:-1","max-image-preview":"max-image-preview:large","max-video-preview":"max-video-preview:-1"},"canonical":"https:\/\/gymbyka.com\/index.php\/boutique\/","og_locale":"fr_FR","og_type":"article","og_title":"On line - Gym by Ka","og_description":"R\u00e9servez 1 H de Master Class par WhatsApp et recevez sur votre bo\u00eete mail un support personnalis\u00e9 pour une pratique en autonomie. Le pack contient 14 cartes : 7 avec des postures et 7 avec leurs symboliques et affirmations. Offrez un BON CADEAU pour faire du bien \u00e0 votre entourage ou \u00e0 vous-m\u00eame. R\u00e9servez d\u00e8s &hellip;","og_url":"https:\/\/gymbyka.com\/index.php\/boutique\/","og_site_name":"Gym by Ka","article_publisher":"https:\/\/www.facebook.com\/SportAuFeminin29","article_modified_time":"2024-07-30T10:39:11+00:00","og_image":[{"url":"https:\/\/gymbyka.com\/wp-content\/uploads\/2024\/06\/fc65cfb5-1-1-300x251.jpg","type":"","width":"","height":""}],"twitter_card":"summary_large_image","twitter_misc":{"Dur\u00e9e de lecture estim\u00e9e":"1 minute"},"schema":{"@context":"https:\/\/schema.org","@graph":[{"@type":"WebPage","@id":"https:\/\/gymbyka.com\/index.php\/boutique\/","url":"https:\/\/gymbyka.com\/index.php\/boutique\/","name":"On line - Gym by Ka","isPartOf":{"@id":"https:\/\/gymbyka.com\/#website"},"primaryImageOfPage":{"@id":"https:\/\/gymbyka.com\/index.php\/boutique\/#primaryimage"},"image":{"@id":"https:\/\/gymbyka.com\/index.php\/boutique\/#primaryimage"},"thumbnailUrl":"https:\/\/gymbyka.com\/wp-content\/uploads\/2024\/06\/fc65cfb5-1-1-300x251.jpg","datePublished":"2023-07-04T12:25:11+00:00","dateModified":"2024-07-30T10:39:11+00:00","breadcrumb":{"@id":"https:\/\/gymbyka.com\/index.php\/boutique\/#breadcrumb"},"inLanguage":"fr-FR","potentialAction":[{"@type":"ReadAction","target":["https:\/\/gymbyka.com\/index.php\/boutique\/"]}]},{"@type":"ImageObject","inLanguage":"fr-FR","@id":"https:\/\/gymbyka.com\/index.php\/boutique\/#primaryimage","url":"","contentUrl":""},{"@type":"BreadcrumbList","@id":"https:\/\/gymbyka.com\/index.php\/boutique\/#breadcrumb","itemListElement":[{"@type":"ListItem","position":1,"name":"Accueil","item":"https:\/\/gymbyka.com\/"},{"@type":"ListItem","position":2,"name":"On line"}]},{"@type":"WebSite","@id":"https:\/\/gymbyka.com\/#website","url":"https:\/\/gymbyka.com\/","name":"Gym by Ka","description":"Coaching sportif \u00e0 Quimper","potentialAction":[{"@type":"SearchAction","target":{"@type":"EntryPoint","urlTemplate":"https:\/\/gymbyka.com\/?s={search_term_string}"},"query-input":{"@type":"PropertyValueSpecification","valueRequired":true,"valueName":"search_term_string"}}],"inLanguage":"fr-FR"}]}},"_links":{"self":[{"href":"https:\/\/gymbyka.com\/index.php\/wp-json\/wp\/v2\/pages\/316","targetHints":{"allow":["GET"]}}],"collection":[{"href":"https:\/\/gymbyka.com\/index.php\/wp-json\/wp\/v2\/pages"}],"about":[{"href":"https:\/\/gymbyka.com\/index.php\/wp-json\/wp\/v2\/types\/page"}],"author":[{"embeddable":true,"href":"https:\/\/gymbyka.com\/index.php\/wp-json\/wp\/v2\/users\/1"}],"replies":[{"embeddable":true,"href":"https:\/\/gymbyka.com\/index.php\/wp-json\/wp\/v2\/comments?post=316"}],"version-history":[{"count":28,"href":"https:\/\/gymbyka.com\/index.php\/wp-json\/wp\/v2\/pages\/316\/revisions"}],"predecessor-version":[{"id":565,"href":"https:\/\/gymbyka.com\/index.php\/wp-json\/wp\/v2\/pages\/316\/revisions\/565"}],"wp:attachment":[{"href":"https:\/\/gymbyka.com\/index.php\/wp-json\/wp\/v2\/media?parent=316"}],"curies":[{"name":"wp","href":"https:\/\/api.w.org\/{rel}","templated":true}]}}