{"id":177,"date":"2023-03-21T16:01:41","date_gmt":"2023-03-21T15:01:41","guid":{"rendered":"http:\/\/gymbyka.com\/?page_id=177"},"modified":"2025-08-31T16:47:33","modified_gmt":"2025-08-31T14:47:33","slug":"votre-encadrante","status":"publish","type":"page","link":"https:\/\/gymbyka.com\/index.php\/votre-encadrante\/","title":{"rendered":"Bio"},"content":{"rendered":"\n<p>Passionn\u00e9e depuis mon jeune \u00e2ge par le sport, c&rsquo;est tout naturellement que je me suis tourn\u00e9e vers des \u00e9tudes sup\u00e9rieures en activit\u00e9 physique et sportive. Construire un cadre adapt\u00e9 et bienveillant de la pratique, permettre \u00e0 chacun de maintenir sa sant\u00e9 et son \u00e9panouissement sont des priorit\u00e9s essentielles pour moi. En m&rsquo;appuyant sur mes connaissances en physiologie du corps humain, j&rsquo;accompagne les pratiquants dans l&rsquo;am\u00e9lioration de leur condition physique, mentale et leur bien-\u00eatre.<\/p>\n\n\n\n<figure class=\"wp-block-image size-large\"><img loading=\"lazy\" decoding=\"async\" width=\"683\" height=\"1024\" src=\"https:\/\/gymbyka.com\/wp-content\/uploads\/2024\/05\/38-683x1024.jpg\" alt=\"\" class=\"wp-image-511\" srcset=\"https:\/\/gymbyka.com\/wp-content\/uploads\/2024\/05\/38-683x1024.jpg 683w, https:\/\/gymbyka.com\/wp-content\/uploads\/2024\/05\/38-200x300.jpg 200w, https:\/\/gymbyka.com\/wp-content\/uploads\/2024\/05\/38-768x1152.jpg 768w, https:\/\/gymbyka.com\/wp-content\/uploads\/2024\/05\/38-1024x1536.jpg 1024w, https:\/\/gymbyka.com\/wp-content\/uploads\/2024\/05\/38-1366x2048.jpg 1366w, https:\/\/gymbyka.com\/wp-content\/uploads\/2024\/05\/38-scaled.jpg 1707w\" sizes=\"auto, (max-width: 683px) 100vw, 683px\" \/><\/figure>\n\n\n\n<p>Karolina fondatrice de GYM BY KA &#8211; Titulaire d\u2019un doctorat en STAPS<\/p>\n\n\n\n<p><\/p>\n","protected":false},"excerpt":{"rendered":"<p>Passionn\u00e9e depuis mon jeune \u00e2ge par le sport, c&rsquo;est tout naturellement que je me suis tourn\u00e9e vers des \u00e9tudes sup\u00e9rieures en activit\u00e9 physique et sportive. Construire un cadre adapt\u00e9 et bienveillant de la pratique, permettre \u00e0 chacun de maintenir sa sant\u00e9 et son \u00e9panouissement sont des priorit\u00e9s essentielles pour moi. En m&rsquo;appuyant sur mes connaissances &hellip; <\/p>\n","protected":false},"author":1,"featured_media":0,"parent":0,"menu_order":0,"comment_status":"closed","ping_status":"closed","template":"","meta":{"footnotes":""},"class_list":["post-177","page","type-page","status-publish","hentry"],"yoast_head":"<!-- This site is optimized with the Yoast SEO plugin v27.4 - https:\/\/yoast.com\/product\/yoast-seo-wordpress\/ -->\n<title>Bio - Gym by Ka<\/title>\n<meta name=\"robots\" content=\"index, follow, max-snippet:-1, max-image-preview:large, max-video-preview:-1\" \/>\n<link rel=\"canonical\" href=\"https:\/\/gymbyka.com\/index.php\/votre-encadrante\/\" \/>\n<meta property=\"og:locale\" content=\"fr_FR\" \/>\n<meta property=\"og:type\" content=\"article\" \/>\n<meta property=\"og:title\" content=\"Bio - Gym by Ka\" \/>\n<meta property=\"og:description\" content=\"Passionn\u00e9e depuis mon jeune \u00e2ge par le sport, c&rsquo;est tout naturellement que je me suis tourn\u00e9e vers des \u00e9tudes sup\u00e9rieures en activit\u00e9 physique et sportive. Construire un cadre adapt\u00e9 et bienveillant de la pratique, permettre \u00e0 chacun de maintenir sa sant\u00e9 et son \u00e9panouissement sont des priorit\u00e9s essentielles pour moi. En m&rsquo;appuyant sur mes connaissances &hellip;\" \/>\n<meta property=\"og:url\" content=\"https:\/\/gymbyka.com\/index.php\/votre-encadrante\/\" \/>\n<meta property=\"og:site_name\" content=\"Gym by Ka\" \/>\n<meta property=\"article:publisher\" content=\"https:\/\/www.facebook.com\/SportAuFeminin29\" \/>\n<meta property=\"article:modified_time\" content=\"2025-08-31T14:47:33+00:00\" \/>\n<meta property=\"og:image\" content=\"http:\/\/gymbyka.com\/wp-content\/uploads\/2024\/05\/38-683x1024.jpg\" \/>\n<meta name=\"twitter:card\" content=\"summary_large_image\" \/>\n<meta name=\"twitter:label1\" content=\"Dur\u00e9e de lecture estim\u00e9e\" \/>\n\t<meta name=\"twitter:data1\" content=\"1 minute\" \/>\n<script type=\"application\/ld+json\" class=\"yoast-schema-graph\">{\"@context\":\"https:\\\/\\\/schema.org\",\"@graph\":[{\"@type\":\"WebPage\",\"@id\":\"https:\\\/\\\/gymbyka.com\\\/index.php\\\/votre-encadrante\\\/\",\"url\":\"https:\\\/\\\/gymbyka.com\\\/index.php\\\/votre-encadrante\\\/\",\"name\":\"Bio - Gym by Ka\",\"isPartOf\":{\"@id\":\"https:\\\/\\\/gymbyka.com\\\/#website\"},\"primaryImageOfPage\":{\"@id\":\"https:\\\/\\\/gymbyka.com\\\/index.php\\\/votre-encadrante\\\/#primaryimage\"},\"image\":{\"@id\":\"https:\\\/\\\/gymbyka.com\\\/index.php\\\/votre-encadrante\\\/#primaryimage\"},\"thumbnailUrl\":\"http:\\\/\\\/gymbyka.com\\\/wp-content\\\/uploads\\\/2024\\\/05\\\/38-683x1024.jpg\",\"datePublished\":\"2023-03-21T15:01:41+00:00\",\"dateModified\":\"2025-08-31T14:47:33+00:00\",\"breadcrumb\":{\"@id\":\"https:\\\/\\\/gymbyka.com\\\/index.php\\\/votre-encadrante\\\/#breadcrumb\"},\"inLanguage\":\"fr-FR\",\"potentialAction\":[{\"@type\":\"ReadAction\",\"target\":[\"https:\\\/\\\/gymbyka.com\\\/index.php\\\/votre-encadrante\\\/\"]}]},{\"@type\":\"ImageObject\",\"inLanguage\":\"fr-FR\",\"@id\":\"https:\\\/\\\/gymbyka.com\\\/index.php\\\/votre-encadrante\\\/#primaryimage\",\"url\":\"https:\\\/\\\/gymbyka.com\\\/wp-content\\\/uploads\\\/2024\\\/05\\\/38-scaled.jpg\",\"contentUrl\":\"https:\\\/\\\/gymbyka.com\\\/wp-content\\\/uploads\\\/2024\\\/05\\\/38-scaled.jpg\",\"width\":1707,\"height\":2560},{\"@type\":\"BreadcrumbList\",\"@id\":\"https:\\\/\\\/gymbyka.com\\\/index.php\\\/votre-encadrante\\\/#breadcrumb\",\"itemListElement\":[{\"@type\":\"ListItem\",\"position\":1,\"name\":\"Accueil\",\"item\":\"https:\\\/\\\/gymbyka.com\\\/\"},{\"@type\":\"ListItem\",\"position\":2,\"name\":\"Bio\"}]},{\"@type\":\"WebSite\",\"@id\":\"https:\\\/\\\/gymbyka.com\\\/#website\",\"url\":\"https:\\\/\\\/gymbyka.com\\\/\",\"name\":\"Gym by Ka\",\"description\":\"Coaching sportif \u00e0 Quimper\",\"potentialAction\":[{\"@type\":\"SearchAction\",\"target\":{\"@type\":\"EntryPoint\",\"urlTemplate\":\"https:\\\/\\\/gymbyka.com\\\/?s={search_term_string}\"},\"query-input\":{\"@type\":\"PropertyValueSpecification\",\"valueRequired\":true,\"valueName\":\"search_term_string\"}}],\"inLanguage\":\"fr-FR\"}]}<\/script>\n<!-- \/ Yoast SEO plugin. -->","yoast_head_json":{"title":"Bio - Gym by Ka","robots":{"index":"index","follow":"follow","max-snippet":"max-snippet:-1","max-image-preview":"max-image-preview:large","max-video-preview":"max-video-preview:-1"},"canonical":"https:\/\/gymbyka.com\/index.php\/votre-encadrante\/","og_locale":"fr_FR","og_type":"article","og_title":"Bio - Gym by Ka","og_description":"Passionn\u00e9e depuis mon jeune \u00e2ge par le sport, c&rsquo;est tout naturellement que je me suis tourn\u00e9e vers des \u00e9tudes sup\u00e9rieures en activit\u00e9 physique et sportive. Construire un cadre adapt\u00e9 et bienveillant de la pratique, permettre \u00e0 chacun de maintenir sa sant\u00e9 et son \u00e9panouissement sont des priorit\u00e9s essentielles pour moi. En m&rsquo;appuyant sur mes connaissances &hellip;","og_url":"https:\/\/gymbyka.com\/index.php\/votre-encadrante\/","og_site_name":"Gym by Ka","article_publisher":"https:\/\/www.facebook.com\/SportAuFeminin29","article_modified_time":"2025-08-31T14:47:33+00:00","og_image":[{"url":"http:\/\/gymbyka.com\/wp-content\/uploads\/2024\/05\/38-683x1024.jpg","type":"","width":"","height":""}],"twitter_card":"summary_large_image","twitter_misc":{"Dur\u00e9e de lecture estim\u00e9e":"1 minute"},"schema":{"@context":"https:\/\/schema.org","@graph":[{"@type":"WebPage","@id":"https:\/\/gymbyka.com\/index.php\/votre-encadrante\/","url":"https:\/\/gymbyka.com\/index.php\/votre-encadrante\/","name":"Bio - Gym by Ka","isPartOf":{"@id":"https:\/\/gymbyka.com\/#website"},"primaryImageOfPage":{"@id":"https:\/\/gymbyka.com\/index.php\/votre-encadrante\/#primaryimage"},"image":{"@id":"https:\/\/gymbyka.com\/index.php\/votre-encadrante\/#primaryimage"},"thumbnailUrl":"http:\/\/gymbyka.com\/wp-content\/uploads\/2024\/05\/38-683x1024.jpg","datePublished":"2023-03-21T15:01:41+00:00","dateModified":"2025-08-31T14:47:33+00:00","breadcrumb":{"@id":"https:\/\/gymbyka.com\/index.php\/votre-encadrante\/#breadcrumb"},"inLanguage":"fr-FR","potentialAction":[{"@type":"ReadAction","target":["https:\/\/gymbyka.com\/index.php\/votre-encadrante\/"]}]},{"@type":"ImageObject","inLanguage":"fr-FR","@id":"https:\/\/gymbyka.com\/index.php\/votre-encadrante\/#primaryimage","url":"https:\/\/gymbyka.com\/wp-content\/uploads\/2024\/05\/38-scaled.jpg","contentUrl":"https:\/\/gymbyka.com\/wp-content\/uploads\/2024\/05\/38-scaled.jpg","width":1707,"height":2560},{"@type":"BreadcrumbList","@id":"https:\/\/gymbyka.com\/index.php\/votre-encadrante\/#breadcrumb","itemListElement":[{"@type":"ListItem","position":1,"name":"Accueil","item":"https:\/\/gymbyka.com\/"},{"@type":"ListItem","position":2,"name":"Bio"}]},{"@type":"WebSite","@id":"https:\/\/gymbyka.com\/#website","url":"https:\/\/gymbyka.com\/","name":"Gym by Ka","description":"Coaching sportif \u00e0 Quimper","potentialAction":[{"@type":"SearchAction","target":{"@type":"EntryPoint","urlTemplate":"https:\/\/gymbyka.com\/?s={search_term_string}"},"query-input":{"@type":"PropertyValueSpecification","valueRequired":true,"valueName":"search_term_string"}}],"inLanguage":"fr-FR"}]}},"_links":{"self":[{"href":"https:\/\/gymbyka.com\/index.php\/wp-json\/wp\/v2\/pages\/177","targetHints":{"allow":["GET"]}}],"collection":[{"href":"https:\/\/gymbyka.com\/index.php\/wp-json\/wp\/v2\/pages"}],"about":[{"href":"https:\/\/gymbyka.com\/index.php\/wp-json\/wp\/v2\/types\/page"}],"author":[{"embeddable":true,"href":"https:\/\/gymbyka.com\/index.php\/wp-json\/wp\/v2\/users\/1"}],"replies":[{"embeddable":true,"href":"https:\/\/gymbyka.com\/index.php\/wp-json\/wp\/v2\/comments?post=177"}],"version-history":[{"count":21,"href":"https:\/\/gymbyka.com\/index.php\/wp-json\/wp\/v2\/pages\/177\/revisions"}],"predecessor-version":[{"id":610,"href":"https:\/\/gymbyka.com\/index.php\/wp-json\/wp\/v2\/pages\/177\/revisions\/610"}],"wp:attachment":[{"href":"https:\/\/gymbyka.com\/index.php\/wp-json\/wp\/v2\/media?parent=177"}],"curies":[{"name":"wp","href":"https:\/\/api.w.org\/{rel}","templated":true}]}}